{"id":2,"date":"2018-03-18T12:48:55","date_gmt":"2018-03-18T12:48:55","guid":{"rendered":"https:\/\/nilia-und-raphy.ch\/?page_id=2"},"modified":"2018-05-31T12:58:45","modified_gmt":"2018-05-31T10:58:45","slug":"sample-page","status":"publish","type":"page","link":"https:\/\/nilia-und-raphy.ch\/","title":{"rendered":"Wir heiraten!"},"content":{"rendered":"<h1>Anmeldung<\/h1>\n<p>Wir freuen uns sehr, dass Du mit uns feiern wirst!<br \/>\nBitte melde Dich direkt mit dem Formular an, damit wir gleich alle Infos haben, die wir ben\u00f6tigen.<\/p>\n<p>Achtung:<br \/>\nDa wir vom Platz her beschr\u00e4nkt sind, sind grunds\u00e4tzlich nur die Personen eingeladen, die wir mit der Einladung angeschrieben haben&#8230; danke f\u00fcrs Verst\u00e4ndnis \ud83d\ude42<\/p>\n\n<div class=\"wpcf7 no-js\" id=\"wpcf7-f9-o1\" lang=\"de-DE\" dir=\"ltr\" data-wpcf7-id=\"9\">\n<div class=\"screen-reader-response\"><p role=\"status\" aria-live=\"polite\" aria-atomic=\"true\"><\/p> <ul><\/ul><\/div>\n<form action=\"\/index.php?rest_route=%2Fwp%2Fv2%2Fpages%2F2#wpcf7-f9-o1\" method=\"post\" class=\"wpcf7-form init\" aria-label=\"Kontaktformular\" novalidate=\"novalidate\" data-status=\"init\">\n<fieldset class=\"hidden-fields-container\"><input type=\"hidden\" name=\"_wpcf7\" value=\"9\" \/><input type=\"hidden\" name=\"_wpcf7_version\" value=\"6.1.5\" \/><input type=\"hidden\" name=\"_wpcf7_locale\" value=\"de_DE\" \/><input type=\"hidden\" name=\"_wpcf7_unit_tag\" value=\"wpcf7-f9-o1\" \/><input type=\"hidden\" name=\"_wpcf7_container_post\" value=\"0\" \/><input type=\"hidden\" name=\"_wpcf7_posted_data_hash\" value=\"\" \/>\n<\/fieldset>\n<p><label> Dein Name (Pflichtfeld)<br \/>\n<span class=\"wpcf7-form-control-wrap\" data-name=\"your-name\"><input size=\"40\" maxlength=\"400\" class=\"wpcf7-form-control wpcf7-text wpcf7-validates-as-required\" aria-required=\"true\" aria-invalid=\"false\" value=\"\" type=\"text\" name=\"your-name\" \/><\/span> <\/label>\n<\/p>\n<p><label> Deine E-Mail-Adresse (Pflichtfeld)<br \/>\n<span class=\"wpcf7-form-control-wrap\" data-name=\"your-email\"><input size=\"40\" maxlength=\"400\" class=\"wpcf7-form-control wpcf7-email wpcf7-validates-as-required wpcf7-text wpcf7-validates-as-email\" aria-required=\"true\" aria-invalid=\"false\" value=\"\" type=\"email\" name=\"your-email\" \/><\/span> <\/label>\n<\/p>\n<p><label> Deine Telefonnummer (Pflichtfeld)<br \/>\n<span class=\"wpcf7-form-control-wrap\" data-name=\"your-phone\"><input size=\"40\" maxlength=\"400\" class=\"wpcf7-form-control wpcf7-tel wpcf7-validates-as-required wpcf7-text wpcf7-validates-as-tel\" aria-required=\"true\" aria-invalid=\"false\" value=\"\" type=\"tel\" name=\"your-phone\" \/><\/span> <\/label>\n<\/p>\n<p><label> Anzahl Personen<br \/>\n<span class=\"wpcf7-form-control-wrap\" data-name=\"personCount\"><select class=\"wpcf7-form-control wpcf7-select wpcf7-validates-as-required\" aria-required=\"true\" aria-invalid=\"false\" name=\"personCount\"><option value=\"\">&#8211; Bitte ausw\u00e4hlen &#8211;<\/option><option value=\"1\">1<\/option><option value=\"2\">2<\/option><option value=\"3\">3<\/option><option value=\"4\">4<\/option><option value=\"5\">5<\/option><option value=\"6\">6<\/option><option value=\"7\">7<\/option><option value=\"8\">8<\/option><option value=\"9\">9<\/option><\/select><\/span> <\/label>\n<\/p>\n<p><input class=\"wpcf7-form-control wpcf7-submit has-spinner\" type=\"submit\" value=\"Senden\" \/>\n<\/p><div class=\"wpcf7-response-output\" aria-hidden=\"true\"><\/div>\n<\/form>\n<\/div>\n\n<h1>Hotel<\/h1>\n<p>Wir k\u00f6nnen euch folgendes Hotel empfehlen:<\/p>\n<p>5-Stern-Hotel inkl. Gourmetrestaurant:<br \/>\n<a href=\"https:\/\/www.lenkerhof.ch\" target=\"_blank\" rel=\"noopener\">https:\/\/www.lenkerhof.ch<\/a><\/p>\n<p>Bitte meldet euch zur Reservation direkt bei unserer Eventplanerin:<\/p>\n<p>Daniela Reibling,\u00a0Event Managerin,\u00a0Lenkerhof gourmet spa resort<br \/>\n<a href=\"mailto:event@lenkerhof.ch\">event@lenkerhof.ch<\/a><br \/>\n<a href=\"tel:+41337363610\" target=\"_blank\" rel=\"noopener\">+41 33 7363610<\/a><\/p>\n<h2>Weitere Hotels<\/h2>\n<p>3-Stern-Hotel im Chalet-Stil mit 3 Restaurants:<a href=\"http:\/\/www.kreuzlenk.ch\/\" target=\"_blank\" rel=\"noopener\"><br \/>\nhttp:\/\/www.kreuzlenk.ch\/<\/a><\/p>\n<p>4-Stern-Familienhotel<br \/>\n<a href=\"http:\/\/www.krone-lenk.ch\/\" target=\"_blank\" rel=\"noopener\">http:\/\/www.krone-lenk.ch\/<\/a><\/p>\n<p>&nbsp;<\/p>\n","protected":false},"excerpt":{"rendered":"<p>Anmeldung Wir freuen uns sehr, dass Du mit uns feiern wirst! Bitte melde Dich direkt mit dem Formular an, damit wir gleich alle Infos haben, die wir ben\u00f6tigen. Achtung: Da wir vom Platz her beschr\u00e4nkt sind, sind grunds\u00e4tzlich nur die Personen eingeladen, die wir mit der Einladung angeschrieben haben&#8230; danke f\u00fcrs Verst\u00e4ndnis \ud83d\ude42 Hotel Wir [&hellip;]<\/p>\n","protected":false},"author":1,"featured_media":0,"parent":0,"menu_order":0,"comment_status":"closed","ping_status":"open","template":"page-templates\/full-width.php","meta":{"footnotes":""},"class_list":["post-2","page","type-page","status-publish","hentry"],"_links":{"self":[{"href":"https:\/\/nilia-und-raphy.ch\/index.php?rest_route=\/wp\/v2\/pages\/2","targetHints":{"allow":["GET"]}}],"collection":[{"href":"https:\/\/nilia-und-raphy.ch\/index.php?rest_route=\/wp\/v2\/pages"}],"about":[{"href":"https:\/\/nilia-und-raphy.ch\/index.php?rest_route=\/wp\/v2\/types\/page"}],"author":[{"embeddable":true,"href":"https:\/\/nilia-und-raphy.ch\/index.php?rest_route=\/wp\/v2\/users\/1"}],"replies":[{"embeddable":true,"href":"https:\/\/nilia-und-raphy.ch\/index.php?rest_route=%2Fwp%2Fv2%2Fcomments&post=2"}],"version-history":[{"count":12,"href":"https:\/\/nilia-und-raphy.ch\/index.php?rest_route=\/wp\/v2\/pages\/2\/revisions"}],"predecessor-version":[{"id":78,"href":"https:\/\/nilia-und-raphy.ch\/index.php?rest_route=\/wp\/v2\/pages\/2\/revisions\/78"}],"wp:attachment":[{"href":"https:\/\/nilia-und-raphy.ch\/index.php?rest_route=%2Fwp%2Fv2%2Fmedia&parent=2"}],"curies":[{"name":"wp","href":"https:\/\/api.w.org\/{rel}","templated":true}]}}